{"id":112,"date":"2020-07-15T15:16:59","date_gmt":"2020-07-15T13:16:59","guid":{"rendered":"http:\/\/marianzimmerli.ch\/?page_id=112"},"modified":"2023-05-10T12:43:03","modified_gmt":"2023-05-10T10:43:03","slug":"ueber-mich","status":"publish","type":"page","link":"https:\/\/marianzimmerli.ch\/?page_id=112","title":{"rendered":"Biographie"},"content":{"rendered":"\n<p>geboren 1961 <\/p>\n\n\n\n<p>Verheiratet, zwei erwachsene T\u00f6chter<\/p>\n\n\n\n<p>Kunstschaffende seit 2005, verschiedene Weiterbildungen in Richtung Kunsttherapie<\/p>\n\n\n\n<p>Besonders ihre zahlreichen Reisen und ihr Interesse an fremden Kulturen widerspiegeln sich in ihrer Kunst.  Die K\u00fcnstlerin ist schon weit gereist. So zog es sie nach Mexico und Cuba, jedoch hat es ihr besonders Asien angetan; so reiste sie nach Bali, Vietnam, Thailand, Indien und Sri  Lanka. Auch in Europa ist sie gerne unterwegs, so reist sie gerne und oft mit ihrem Mann auf die griechische Insel Kreta, Frankreich und Italien sind auch sehr beliebte Destinationen.  In Zukunft wird sie mit einem VW Bus in die Ferien fahren, damit sie weitere Fundst\u00fccke f\u00fcr ihre Kunstwerke sammeln kann, welche meist aus Ausgangspunkt f\u00fcr ihre Kreationen dienen und in warmen, erdigen und verspielten Kunstwerken zu neuem Leben erweckt werden. <\/p>\n","protected":false},"excerpt":{"rendered":"<p>geboren 1961 Verheiratet, zwei erwachsene T\u00f6chter Kunstschaffende seit 2005, verschiedene Weiterbildungen in Richtung Kunsttherapie Besonders ihre zahlreichen Reisen und ihr&hellip;<\/p>\n","protected":false},"author":1,"featured_media":0,"parent":0,"menu_order":0,"comment_status":"closed","ping_status":"closed","template":"","meta":[],"_links":{"self":[{"href":"https:\/\/marianzimmerli.ch\/index.php?rest_route=\/wp\/v2\/pages\/112"}],"collection":[{"href":"https:\/\/marianzimmerli.ch\/index.php?rest_route=\/wp\/v2\/pages"}],"about":[{"href":"https:\/\/marianzimmerli.ch\/index.php?rest_route=\/wp\/v2\/types\/page"}],"author":[{"embeddable":true,"href":"https:\/\/marianzimmerli.ch\/index.php?rest_route=\/wp\/v2\/users\/1"}],"replies":[{"embeddable":true,"href":"https:\/\/marianzimmerli.ch\/index.php?rest_route=%2Fwp%2Fv2%2Fcomments&post=112"}],"version-history":[{"count":5,"href":"https:\/\/marianzimmerli.ch\/index.php?rest_route=\/wp\/v2\/pages\/112\/revisions"}],"predecessor-version":[{"id":663,"href":"https:\/\/marianzimmerli.ch\/index.php?rest_route=\/wp\/v2\/pages\/112\/revisions\/663"}],"wp:attachment":[{"href":"https:\/\/marianzimmerli.ch\/index.php?rest_route=%2Fwp%2Fv2%2Fmedia&parent=112"}],"curies":[{"name":"wp","href":"https:\/\/api.w.org\/{rel}","templated":true}]}}