{"id":110,"date":"2020-07-15T15:16:31","date_gmt":"2020-07-15T13:16:31","guid":{"rendered":"http:\/\/marianzimmerli.ch\/?page_id=110"},"modified":"2023-05-10T13:45:59","modified_gmt":"2023-05-10T11:45:59","slug":"eigene-werke","status":"publish","type":"page","link":"https:\/\/marianzimmerli.ch\/?page_id=110","title":{"rendered":"Eigene Werke"},"content":{"rendered":"\n<blockquote class=\"wp-block-quote\">\n<p>inspiriert werden meine werke durch reisen und ausgedehnte spazierg\u00e4nge, oft bilden fundst\u00fccke wie verrottetes holz aus den cevennen, rostiges metall aus der aare, alte postkarten aus perpignan oder seltsame bl\u00e4tter von den str\u00e4nden in goa den ausgangspunkt und werden in warmen, erdigen und verspielten kunstwerken zu neuem leben erweckt.<\/p>\n<cite>Marian Zimmerli, Dezember 2019<\/cite><\/blockquote>\n\n\n\n<div class=\"wp-block-columns is-layout-flex wp-container-5\">\n<div class=\"wp-block-column is-layout-flow\" style=\"flex-basis:100%\">\n<h2 class=\"wp-block-heading\">Werke Ausstellung 2019<\/h2>\n\n\n\n<div class=\"wp-block-group is-layout-flow\"><div class=\"wp-block-group__inner-container\">\n<figure class=\"wp-block-image size-large\"><img decoding=\"async\" loading=\"lazy\" width=\"1024\" height=\"984\" src=\"https:\/\/marianzimmerli.ch\/wp-content\/uploads\/2021\/01\/11-1024x984.jpg\" alt=\"\" class=\"wp-image-571\" srcset=\"https:\/\/marianzimmerli.ch\/wp-content\/uploads\/2021\/01\/11-1024x984.jpg 1024w, https:\/\/marianzimmerli.ch\/wp-content\/uploads\/2021\/01\/11-300x288.jpg 300w, https:\/\/marianzimmerli.ch\/wp-content\/uploads\/2021\/01\/11-768x738.jpg 768w, https:\/\/marianzimmerli.ch\/wp-content\/uploads\/2021\/01\/11-1536x1477.jpg 1536w, https:\/\/marianzimmerli.ch\/wp-content\/uploads\/2021\/01\/11-2048x1969.jpg 2048w, https:\/\/marianzimmerli.ch\/wp-content\/uploads\/2021\/01\/11-1600x1538.jpg 1600w\" sizes=\"(max-width: 1024px) 100vw, 1024px\" \/><figcaption class=\"wp-element-caption\">Bild Marian Zimmerli, 2019<\/figcaption><\/figure>\n\n\n\n<figure class=\"wp-block-image size-large\"><img decoding=\"async\" loading=\"lazy\" width=\"1024\" height=\"992\" src=\"https:\/\/marianzimmerli.ch\/wp-content\/uploads\/2021\/01\/10-1024x992.jpg\" alt=\"\" class=\"wp-image-572\" srcset=\"https:\/\/marianzimmerli.ch\/wp-content\/uploads\/2021\/01\/10-1024x992.jpg 1024w, https:\/\/marianzimmerli.ch\/wp-content\/uploads\/2021\/01\/10-300x291.jpg 300w, https:\/\/marianzimmerli.ch\/wp-content\/uploads\/2021\/01\/10-768x744.jpg 768w, https:\/\/marianzimmerli.ch\/wp-content\/uploads\/2021\/01\/10-1536x1487.jpg 1536w, https:\/\/marianzimmerli.ch\/wp-content\/uploads\/2021\/01\/10-2048x1983.jpg 2048w, https:\/\/marianzimmerli.ch\/wp-content\/uploads\/2021\/01\/10-1600x1549.jpg 1600w\" sizes=\"(max-width: 1024px) 100vw, 1024px\" \/><figcaption class=\"wp-element-caption\">Bild Marian Zimmerli, 2019<\/figcaption><\/figure>\n\n\n\n<figure class=\"wp-block-image size-large\"><a href=\"https:\/\/marianzimmerli.ch\/wp-content\/uploads\/2021\/01\/DSC09446-2.jpg\"><img decoding=\"async\" loading=\"lazy\" width=\"1024\" height=\"1024\" src=\"https:\/\/marianzimmerli.ch\/wp-content\/uploads\/2021\/01\/DSC09446-2-1024x1024.jpg\" alt=\"\" class=\"wp-image-611\" srcset=\"https:\/\/marianzimmerli.ch\/wp-content\/uploads\/2021\/01\/DSC09446-2-1024x1024.jpg 1024w, https:\/\/marianzimmerli.ch\/wp-content\/uploads\/2021\/01\/DSC09446-2-300x300.jpg 300w, https:\/\/marianzimmerli.ch\/wp-content\/uploads\/2021\/01\/DSC09446-2-150x150.jpg 150w, https:\/\/marianzimmerli.ch\/wp-content\/uploads\/2021\/01\/DSC09446-2-768x768.jpg 768w, https:\/\/marianzimmerli.ch\/wp-content\/uploads\/2021\/01\/DSC09446-2-1536x1536.jpg 1536w, https:\/\/marianzimmerli.ch\/wp-content\/uploads\/2021\/01\/DSC09446-2-1600x1599.jpg 1600w, https:\/\/marianzimmerli.ch\/wp-content\/uploads\/2021\/01\/DSC09446-2.jpg 1955w\" sizes=\"(max-width: 1024px) 100vw, 1024px\" \/><\/a><figcaption class=\"wp-element-caption\">Bild Marian Zimmerli, 2019<\/figcaption><\/figure>\n\n\n\n<figure class=\"wp-block-image size-large\"><img decoding=\"async\" loading=\"lazy\" width=\"986\" height=\"1024\" src=\"https:\/\/marianzimmerli.ch\/wp-content\/uploads\/2021\/01\/8-986x1024.jpg\" alt=\"\" class=\"wp-image-573\" srcset=\"https:\/\/marianzimmerli.ch\/wp-content\/uploads\/2021\/01\/8-986x1024.jpg 986w, https:\/\/marianzimmerli.ch\/wp-content\/uploads\/2021\/01\/8-289x300.jpg 289w, https:\/\/marianzimmerli.ch\/wp-content\/uploads\/2021\/01\/8-768x797.jpg 768w, https:\/\/marianzimmerli.ch\/wp-content\/uploads\/2021\/01\/8-1480x1536.jpg 1480w, https:\/\/marianzimmerli.ch\/wp-content\/uploads\/2021\/01\/8-1973x2048.jpg 1973w, https:\/\/marianzimmerli.ch\/wp-content\/uploads\/2021\/01\/8-1600x1661.jpg 1600w\" sizes=\"(max-width: 986px) 100vw, 986px\" \/><figcaption class=\"wp-element-caption\">Bild Marian Zimmerli, 2019<\/figcaption><\/figure>\n\n\n\n<figure class=\"wp-block-image size-large\"><img decoding=\"async\" loading=\"lazy\" width=\"1024\" height=\"965\" src=\"https:\/\/marianzimmerli.ch\/wp-content\/uploads\/2021\/01\/9-1024x965.jpg\" alt=\"\" class=\"wp-image-574\" srcset=\"https:\/\/marianzimmerli.ch\/wp-content\/uploads\/2021\/01\/9-1024x965.jpg 1024w, https:\/\/marianzimmerli.ch\/wp-content\/uploads\/2021\/01\/9-300x283.jpg 300w, https:\/\/marianzimmerli.ch\/wp-content\/uploads\/2021\/01\/9-768x724.jpg 768w, https:\/\/marianzimmerli.ch\/wp-content\/uploads\/2021\/01\/9-1536x1447.jpg 1536w, https:\/\/marianzimmerli.ch\/wp-content\/uploads\/2021\/01\/9-2048x1930.jpg 2048w, https:\/\/marianzimmerli.ch\/wp-content\/uploads\/2021\/01\/9-1600x1508.jpg 1600w\" sizes=\"(max-width: 1024px) 100vw, 1024px\" \/><figcaption class=\"wp-element-caption\">Bild Marian Zimmerli, 2019<\/figcaption><\/figure>\n<\/div><\/div>\n\n\n\n<h2 class=\"wp-block-heading\">Fr\u00fchere Werke<\/h2>\n\n\n\n<figure class=\"wp-block-gallery has-nested-images columns-default is-cropped wp-block-gallery-2 is-layout-flex\">\n<figure class=\"wp-block-image size-large\"><a href=\"https:\/\/marianzimmerli.ch\/wp-content\/uploads\/2021\/01\/DSC00353-2-scaled.jpg\"><img decoding=\"async\" loading=\"lazy\" width=\"1024\" height=\"1024\" src=\"https:\/\/marianzimmerli.ch\/wp-content\/uploads\/2021\/01\/DSC00353-2-1024x1024.jpg\" alt=\"\" class=\"wp-image-585\" srcset=\"https:\/\/marianzimmerli.ch\/wp-content\/uploads\/2021\/01\/DSC00353-2-1024x1024.jpg 1024w, https:\/\/marianzimmerli.ch\/wp-content\/uploads\/2021\/01\/DSC00353-2-300x300.jpg 300w, https:\/\/marianzimmerli.ch\/wp-content\/uploads\/2021\/01\/DSC00353-2-150x150.jpg 150w, https:\/\/marianzimmerli.ch\/wp-content\/uploads\/2021\/01\/DSC00353-2-768x768.jpg 768w, https:\/\/marianzimmerli.ch\/wp-content\/uploads\/2021\/01\/DSC00353-2-1536x1536.jpg 1536w, https:\/\/marianzimmerli.ch\/wp-content\/uploads\/2021\/01\/DSC00353-2-2048x2048.jpg 2048w, https:\/\/marianzimmerli.ch\/wp-content\/uploads\/2021\/01\/DSC00353-2-1600x1600.jpg 1600w\" sizes=\"(max-width: 1024px) 100vw, 1024px\" \/><\/a><\/figure>\n\n\n\n<figure class=\"wp-block-image size-large\"><a href=\"https:\/\/marianzimmerli.ch\/wp-content\/uploads\/2020\/07\/bild4.jpg\"><img decoding=\"async\" loading=\"lazy\" width=\"1024\" height=\"1024\" src=\"https:\/\/marianzimmerli.ch\/wp-content\/uploads\/2020\/07\/bild4-1024x1024.jpg\" alt=\"\" class=\"wp-image-205\" srcset=\"https:\/\/marianzimmerli.ch\/wp-content\/uploads\/2020\/07\/bild4-1024x1024.jpg 1024w, https:\/\/marianzimmerli.ch\/wp-content\/uploads\/2020\/07\/bild4-300x300.jpg 300w, https:\/\/marianzimmerli.ch\/wp-content\/uploads\/2020\/07\/bild4-150x150.jpg 150w, https:\/\/marianzimmerli.ch\/wp-content\/uploads\/2020\/07\/bild4-768x768.jpg 768w, https:\/\/marianzimmerli.ch\/wp-content\/uploads\/2020\/07\/bild4-1536x1536.jpg 1536w, https:\/\/marianzimmerli.ch\/wp-content\/uploads\/2020\/07\/bild4.jpg 2000w\" sizes=\"(max-width: 1024px) 100vw, 1024px\" \/><\/a><\/figure>\n\n\n\n<figure class=\"wp-block-image size-large\"><a href=\"https:\/\/marianzimmerli.ch\/wp-content\/uploads\/2021\/01\/DSC09944-5-1-scaled.jpg\"><img decoding=\"async\" loading=\"lazy\" width=\"1024\" height=\"1024\" src=\"https:\/\/marianzimmerli.ch\/wp-content\/uploads\/2021\/01\/DSC09944-5-1-1024x1024.jpg\" alt=\"\" class=\"wp-image-583\" srcset=\"https:\/\/marianzimmerli.ch\/wp-content\/uploads\/2021\/01\/DSC09944-5-1-1024x1024.jpg 1024w, https:\/\/marianzimmerli.ch\/wp-content\/uploads\/2021\/01\/DSC09944-5-1-300x300.jpg 300w, https:\/\/marianzimmerli.ch\/wp-content\/uploads\/2021\/01\/DSC09944-5-1-150x150.jpg 150w, https:\/\/marianzimmerli.ch\/wp-content\/uploads\/2021\/01\/DSC09944-5-1-768x768.jpg 768w, https:\/\/marianzimmerli.ch\/wp-content\/uploads\/2021\/01\/DSC09944-5-1-1536x1536.jpg 1536w, https:\/\/marianzimmerli.ch\/wp-content\/uploads\/2021\/01\/DSC09944-5-1-2048x2048.jpg 2048w, https:\/\/marianzimmerli.ch\/wp-content\/uploads\/2021\/01\/DSC09944-5-1-1600x1600.jpg 1600w\" sizes=\"(max-width: 1024px) 100vw, 1024px\" \/><\/a><\/figure>\n\n\n\n<figure class=\"wp-block-image size-large\"><a href=\"https:\/\/marianzimmerli.ch\/wp-content\/uploads\/2021\/01\/DSC00354-1-scaled.jpg\"><img decoding=\"async\" loading=\"lazy\" width=\"1024\" height=\"1024\" src=\"https:\/\/marianzimmerli.ch\/wp-content\/uploads\/2021\/01\/DSC00354-1-1024x1024.jpg\" alt=\"\" class=\"wp-image-586\" srcset=\"https:\/\/marianzimmerli.ch\/wp-content\/uploads\/2021\/01\/DSC00354-1-1024x1024.jpg 1024w, https:\/\/marianzimmerli.ch\/wp-content\/uploads\/2021\/01\/DSC00354-1-300x300.jpg 300w, https:\/\/marianzimmerli.ch\/wp-content\/uploads\/2021\/01\/DSC00354-1-150x150.jpg 150w, https:\/\/marianzimmerli.ch\/wp-content\/uploads\/2021\/01\/DSC00354-1-768x768.jpg 768w, https:\/\/marianzimmerli.ch\/wp-content\/uploads\/2021\/01\/DSC00354-1-1536x1536.jpg 1536w, https:\/\/marianzimmerli.ch\/wp-content\/uploads\/2021\/01\/DSC00354-1-2048x2048.jpg 2048w, https:\/\/marianzimmerli.ch\/wp-content\/uploads\/2021\/01\/DSC00354-1-1600x1600.jpg 1600w\" sizes=\"(max-width: 1024px) 100vw, 1024px\" \/><\/a><\/figure>\n\n\n\n<figure class=\"wp-block-image size-large\"><a href=\"https:\/\/marianzimmerli.ch\/wp-content\/uploads\/2021\/01\/DSC09932-4-scaled.jpg\"><img decoding=\"async\" loading=\"lazy\" width=\"1024\" height=\"1024\" src=\"https:\/\/marianzimmerli.ch\/wp-content\/uploads\/2021\/01\/DSC09932-4-1024x1024.jpg\" alt=\"\" class=\"wp-image-593\" srcset=\"https:\/\/marianzimmerli.ch\/wp-content\/uploads\/2021\/01\/DSC09932-4-1024x1024.jpg 1024w, https:\/\/marianzimmerli.ch\/wp-content\/uploads\/2021\/01\/DSC09932-4-300x300.jpg 300w, https:\/\/marianzimmerli.ch\/wp-content\/uploads\/2021\/01\/DSC09932-4-150x150.jpg 150w, https:\/\/marianzimmerli.ch\/wp-content\/uploads\/2021\/01\/DSC09932-4-768x767.jpg 768w, https:\/\/marianzimmerli.ch\/wp-content\/uploads\/2021\/01\/DSC09932-4-1536x1536.jpg 1536w, https:\/\/marianzimmerli.ch\/wp-content\/uploads\/2021\/01\/DSC09932-4-2048x2046.jpg 2048w, https:\/\/marianzimmerli.ch\/wp-content\/uploads\/2021\/01\/DSC09932-4-1600x1599.jpg 1600w\" sizes=\"(max-width: 1024px) 100vw, 1024px\" \/><\/a><\/figure>\n\n\n\n<figure class=\"wp-block-image size-large\"><a href=\"https:\/\/marianzimmerli.ch\/wp-content\/uploads\/2021\/01\/DSC09951-2-1-scaled.jpg\"><img decoding=\"async\" loading=\"lazy\" width=\"1024\" height=\"1024\" src=\"https:\/\/marianzimmerli.ch\/wp-content\/uploads\/2021\/01\/DSC09951-2-1-1024x1024.jpg\" alt=\"\" class=\"wp-image-597\" srcset=\"https:\/\/marianzimmerli.ch\/wp-content\/uploads\/2021\/01\/DSC09951-2-1-1024x1024.jpg 1024w, https:\/\/marianzimmerli.ch\/wp-content\/uploads\/2021\/01\/DSC09951-2-1-300x300.jpg 300w, https:\/\/marianzimmerli.ch\/wp-content\/uploads\/2021\/01\/DSC09951-2-1-150x150.jpg 150w, https:\/\/marianzimmerli.ch\/wp-content\/uploads\/2021\/01\/DSC09951-2-1-768x768.jpg 768w, https:\/\/marianzimmerli.ch\/wp-content\/uploads\/2021\/01\/DSC09951-2-1-1536x1536.jpg 1536w, https:\/\/marianzimmerli.ch\/wp-content\/uploads\/2021\/01\/DSC09951-2-1-2048x2048.jpg 2048w, https:\/\/marianzimmerli.ch\/wp-content\/uploads\/2021\/01\/DSC09951-2-1-1600x1600.jpg 1600w\" sizes=\"(max-width: 1024px) 100vw, 1024px\" \/><\/a><\/figure>\n\n\n\n<figure class=\"wp-block-image size-large\"><a href=\"https:\/\/marianzimmerli.ch\/wp-content\/uploads\/2021\/01\/DSC00362-4-scaled.jpg\"><img decoding=\"async\" loading=\"lazy\" width=\"1024\" height=\"1024\" src=\"https:\/\/marianzimmerli.ch\/wp-content\/uploads\/2021\/01\/DSC00362-4-1024x1024.jpg\" alt=\"\" class=\"wp-image-587\" srcset=\"https:\/\/marianzimmerli.ch\/wp-content\/uploads\/2021\/01\/DSC00362-4-1024x1024.jpg 1024w, https:\/\/marianzimmerli.ch\/wp-content\/uploads\/2021\/01\/DSC00362-4-300x300.jpg 300w, https:\/\/marianzimmerli.ch\/wp-content\/uploads\/2021\/01\/DSC00362-4-150x150.jpg 150w, https:\/\/marianzimmerli.ch\/wp-content\/uploads\/2021\/01\/DSC00362-4-768x768.jpg 768w, https:\/\/marianzimmerli.ch\/wp-content\/uploads\/2021\/01\/DSC00362-4-1536x1536.jpg 1536w, https:\/\/marianzimmerli.ch\/wp-content\/uploads\/2021\/01\/DSC00362-4-2048x2048.jpg 2048w, https:\/\/marianzimmerli.ch\/wp-content\/uploads\/2021\/01\/DSC00362-4-1600x1600.jpg 1600w\" sizes=\"(max-width: 1024px) 100vw, 1024px\" \/><\/a><\/figure>\n<\/figure>\n<\/div>\n<\/div>\n\n\n\n<div class=\"wp-block-columns is-layout-flex wp-container-9\">\n<div class=\"wp-block-column is-layout-flow\" style=\"flex-basis:100%\">\n<figure class=\"wp-block-gallery has-nested-images columns-default is-cropped wp-block-gallery-6 is-layout-flex\">\n<figure class=\"wp-block-image size-large\"><a href=\"https:\/\/marianzimmerli.ch\/wp-content\/uploads\/2021\/01\/7-scaled.jpg\"><img decoding=\"async\" loading=\"lazy\" width=\"822\" height=\"1024\" src=\"https:\/\/marianzimmerli.ch\/wp-content\/uploads\/2021\/01\/7-822x1024.jpg\" alt=\"\" class=\"wp-image-579\" srcset=\"https:\/\/marianzimmerli.ch\/wp-content\/uploads\/2021\/01\/7-822x1024.jpg 822w, https:\/\/marianzimmerli.ch\/wp-content\/uploads\/2021\/01\/7-241x300.jpg 241w, https:\/\/marianzimmerli.ch\/wp-content\/uploads\/2021\/01\/7-768x957.jpg 768w, https:\/\/marianzimmerli.ch\/wp-content\/uploads\/2021\/01\/7-1232x1536.jpg 1232w, https:\/\/marianzimmerli.ch\/wp-content\/uploads\/2021\/01\/7-1643x2048.jpg 1643w, https:\/\/marianzimmerli.ch\/wp-content\/uploads\/2021\/01\/7-1600x1994.jpg 1600w\" sizes=\"(max-width: 822px) 100vw, 822px\" \/><\/a><\/figure>\n\n\n\n<figure class=\"wp-block-image size-large\"><a href=\"https:\/\/marianzimmerli.ch\/wp-content\/uploads\/2021\/01\/4-scaled.jpg\"><img decoding=\"async\" loading=\"lazy\" width=\"834\" height=\"1024\" src=\"https:\/\/marianzimmerli.ch\/wp-content\/uploads\/2021\/01\/4-834x1024.jpg\" alt=\"\" class=\"wp-image-577\" srcset=\"https:\/\/marianzimmerli.ch\/wp-content\/uploads\/2021\/01\/4-834x1024.jpg 834w, https:\/\/marianzimmerli.ch\/wp-content\/uploads\/2021\/01\/4-244x300.jpg 244w, https:\/\/marianzimmerli.ch\/wp-content\/uploads\/2021\/01\/4-768x942.jpg 768w, https:\/\/marianzimmerli.ch\/wp-content\/uploads\/2021\/01\/4-1252x1536.jpg 1252w, https:\/\/marianzimmerli.ch\/wp-content\/uploads\/2021\/01\/4-1669x2048.jpg 1669w, https:\/\/marianzimmerli.ch\/wp-content\/uploads\/2021\/01\/4-1600x1964.jpg 1600w\" sizes=\"(max-width: 834px) 100vw, 834px\" \/><\/a><\/figure>\n\n\n\n<figure class=\"wp-block-image size-large\"><a href=\"https:\/\/marianzimmerli.ch\/wp-content\/uploads\/2021\/01\/2-edited-scaled.jpg\"><img decoding=\"async\" loading=\"lazy\" width=\"1024\" height=\"826\" src=\"https:\/\/marianzimmerli.ch\/wp-content\/uploads\/2021\/01\/2-edited-1024x826.jpg\" alt=\"\" class=\"wp-image-580\" srcset=\"https:\/\/marianzimmerli.ch\/wp-content\/uploads\/2021\/01\/2-edited-1024x826.jpg 1024w, https:\/\/marianzimmerli.ch\/wp-content\/uploads\/2021\/01\/2-edited-300x242.jpg 300w, https:\/\/marianzimmerli.ch\/wp-content\/uploads\/2021\/01\/2-edited-768x620.jpg 768w, https:\/\/marianzimmerli.ch\/wp-content\/uploads\/2021\/01\/2-edited-1536x1239.jpg 1536w, https:\/\/marianzimmerli.ch\/wp-content\/uploads\/2021\/01\/2-edited-2048x1652.jpg 2048w, https:\/\/marianzimmerli.ch\/wp-content\/uploads\/2021\/01\/2-edited-1600x1291.jpg 1600w\" sizes=\"(max-width: 1024px) 100vw, 1024px\" \/><\/a><\/figure>\n\n\n\n<figure class=\"wp-block-image size-large\"><a href=\"https:\/\/marianzimmerli.ch\/wp-content\/uploads\/2021\/01\/5-scaled.jpg\"><img decoding=\"async\" loading=\"lazy\" width=\"1024\" height=\"830\" src=\"https:\/\/marianzimmerli.ch\/wp-content\/uploads\/2021\/01\/5-1024x830.jpg\" alt=\"\" class=\"wp-image-578\" srcset=\"https:\/\/marianzimmerli.ch\/wp-content\/uploads\/2021\/01\/5-1024x830.jpg 1024w, https:\/\/marianzimmerli.ch\/wp-content\/uploads\/2021\/01\/5-300x243.jpg 300w, https:\/\/marianzimmerli.ch\/wp-content\/uploads\/2021\/01\/5-768x623.jpg 768w, https:\/\/marianzimmerli.ch\/wp-content\/uploads\/2021\/01\/5-1536x1245.jpg 1536w, https:\/\/marianzimmerli.ch\/wp-content\/uploads\/2021\/01\/5-2048x1660.jpg 2048w, https:\/\/marianzimmerli.ch\/wp-content\/uploads\/2021\/01\/5-1600x1297.jpg 1600w\" sizes=\"(max-width: 1024px) 100vw, 1024px\" \/><\/a><\/figure>\n<\/figure>\n<\/div>\n<\/div>\n\n\n\n<figure class=\"wp-block-image size-large\"><img decoding=\"async\" loading=\"lazy\" width=\"2560\" height=\"2054\" src=\"https:\/\/marianzimmerli.ch\/wp-content\/uploads\/2021\/01\/1-1-edited-scaled.jpg\" alt=\"\" class=\"wp-image-582\" srcset=\"https:\/\/marianzimmerli.ch\/wp-content\/uploads\/2021\/01\/1-1-edited-scaled.jpg 2560w, https:\/\/marianzimmerli.ch\/wp-content\/uploads\/2021\/01\/1-1-edited-300x241.jpg 300w, https:\/\/marianzimmerli.ch\/wp-content\/uploads\/2021\/01\/1-1-edited-1024x821.jpg 1024w, https:\/\/marianzimmerli.ch\/wp-content\/uploads\/2021\/01\/1-1-edited-768x616.jpg 768w, https:\/\/marianzimmerli.ch\/wp-content\/uploads\/2021\/01\/1-1-edited-1536x1232.jpg 1536w, https:\/\/marianzimmerli.ch\/wp-content\/uploads\/2021\/01\/1-1-edited-2048x1643.jpg 2048w, https:\/\/marianzimmerli.ch\/wp-content\/uploads\/2021\/01\/1-1-edited-1600x1283.jpg 1600w\" sizes=\"(max-width: 2560px) 100vw, 2560px\" \/><\/figure>\n\n\n\n<h2 class=\"wp-block-heading\">Kartenbilder<\/h2>\n\n\n\n<figure class=\"wp-block-gallery has-nested-images columns-default is-cropped wp-block-gallery-10 is-layout-flex\">\n<figure class=\"wp-block-image size-large\"><a href=\"https:\/\/marianzimmerli.ch\/wp-content\/uploads\/2021\/01\/DSC09936-4-2-scaled.jpg\"><img decoding=\"async\" loading=\"lazy\" width=\"1024\" height=\"1024\" data-id=\"615\"  src=\"https:\/\/marianzimmerli.ch\/wp-content\/uploads\/2021\/01\/DSC09936-4-2-1024x1024.jpg\" alt=\"\" class=\"wp-image-615\" srcset=\"https:\/\/marianzimmerli.ch\/wp-content\/uploads\/2021\/01\/DSC09936-4-2-1024x1024.jpg 1024w, https:\/\/marianzimmerli.ch\/wp-content\/uploads\/2021\/01\/DSC09936-4-2-300x300.jpg 300w, https:\/\/marianzimmerli.ch\/wp-content\/uploads\/2021\/01\/DSC09936-4-2-150x150.jpg 150w, https:\/\/marianzimmerli.ch\/wp-content\/uploads\/2021\/01\/DSC09936-4-2-768x768.jpg 768w, https:\/\/marianzimmerli.ch\/wp-content\/uploads\/2021\/01\/DSC09936-4-2-1536x1536.jpg 1536w, https:\/\/marianzimmerli.ch\/wp-content\/uploads\/2021\/01\/DSC09936-4-2-2048x2048.jpg 2048w, https:\/\/marianzimmerli.ch\/wp-content\/uploads\/2021\/01\/DSC09936-4-2-1600x1600.jpg 1600w\" sizes=\"(max-width: 1024px) 100vw, 1024px\" \/><\/a><\/figure>\n\n\n\n<figure class=\"wp-block-image size-large\"><a href=\"https:\/\/marianzimmerli.ch\/wp-content\/uploads\/2021\/01\/DSC09935-2-1-scaled.jpg\"><img decoding=\"async\" loading=\"lazy\" width=\"1024\" height=\"1024\" data-id=\"614\"  src=\"https:\/\/marianzimmerli.ch\/wp-content\/uploads\/2021\/01\/DSC09935-2-1-1024x1024.jpg\" alt=\"\" class=\"wp-image-614\" srcset=\"https:\/\/marianzimmerli.ch\/wp-content\/uploads\/2021\/01\/DSC09935-2-1-1024x1024.jpg 1024w, https:\/\/marianzimmerli.ch\/wp-content\/uploads\/2021\/01\/DSC09935-2-1-300x300.jpg 300w, https:\/\/marianzimmerli.ch\/wp-content\/uploads\/2021\/01\/DSC09935-2-1-150x150.jpg 150w, https:\/\/marianzimmerli.ch\/wp-content\/uploads\/2021\/01\/DSC09935-2-1-768x768.jpg 768w, https:\/\/marianzimmerli.ch\/wp-content\/uploads\/2021\/01\/DSC09935-2-1-1536x1536.jpg 1536w, https:\/\/marianzimmerli.ch\/wp-content\/uploads\/2021\/01\/DSC09935-2-1-2048x2048.jpg 2048w, https:\/\/marianzimmerli.ch\/wp-content\/uploads\/2021\/01\/DSC09935-2-1-1600x1600.jpg 1600w\" sizes=\"(max-width: 1024px) 100vw, 1024px\" \/><\/a><\/figure>\n\n\n\n<figure class=\"wp-block-image size-large\"><a href=\"https:\/\/marianzimmerli.ch\/wp-content\/uploads\/2021\/01\/DSC09934-2-1-scaled.jpg\"><img decoding=\"async\" loading=\"lazy\" width=\"1024\" height=\"1024\" data-id=\"613\"  src=\"https:\/\/marianzimmerli.ch\/wp-content\/uploads\/2021\/01\/DSC09934-2-1-1024x1024.jpg\" alt=\"\" class=\"wp-image-613\" srcset=\"https:\/\/marianzimmerli.ch\/wp-content\/uploads\/2021\/01\/DSC09934-2-1-1024x1024.jpg 1024w, https:\/\/marianzimmerli.ch\/wp-content\/uploads\/2021\/01\/DSC09934-2-1-300x300.jpg 300w, https:\/\/marianzimmerli.ch\/wp-content\/uploads\/2021\/01\/DSC09934-2-1-150x150.jpg 150w, https:\/\/marianzimmerli.ch\/wp-content\/uploads\/2021\/01\/DSC09934-2-1-768x768.jpg 768w, https:\/\/marianzimmerli.ch\/wp-content\/uploads\/2021\/01\/DSC09934-2-1-1536x1536.jpg 1536w, https:\/\/marianzimmerli.ch\/wp-content\/uploads\/2021\/01\/DSC09934-2-1-2048x2048.jpg 2048w, https:\/\/marianzimmerli.ch\/wp-content\/uploads\/2021\/01\/DSC09934-2-1-1600x1600.jpg 1600w\" sizes=\"(max-width: 1024px) 100vw, 1024px\" \/><\/a><\/figure>\n\n\n\n<figure class=\"wp-block-image size-large\"><a href=\"https:\/\/marianzimmerli.ch\/wp-content\/uploads\/2021\/01\/DSC00370-2-scaled.jpg\"><img decoding=\"async\" loading=\"lazy\" width=\"1024\" height=\"1024\" data-id=\"608\"  src=\"https:\/\/marianzimmerli.ch\/wp-content\/uploads\/2021\/01\/DSC00370-2-1024x1024.jpg\" alt=\"\" class=\"wp-image-608\" srcset=\"https:\/\/marianzimmerli.ch\/wp-content\/uploads\/2021\/01\/DSC00370-2-1024x1024.jpg 1024w, https:\/\/marianzimmerli.ch\/wp-content\/uploads\/2021\/01\/DSC00370-2-300x300.jpg 300w, https:\/\/marianzimmerli.ch\/wp-content\/uploads\/2021\/01\/DSC00370-2-150x150.jpg 150w, https:\/\/marianzimmerli.ch\/wp-content\/uploads\/2021\/01\/DSC00370-2-768x768.jpg 768w, https:\/\/marianzimmerli.ch\/wp-content\/uploads\/2021\/01\/DSC00370-2-1536x1536.jpg 1536w, https:\/\/marianzimmerli.ch\/wp-content\/uploads\/2021\/01\/DSC00370-2-2048x2048.jpg 2048w, https:\/\/marianzimmerli.ch\/wp-content\/uploads\/2021\/01\/DSC00370-2-1600x1600.jpg 1600w\" sizes=\"(max-width: 1024px) 100vw, 1024px\" \/><\/a><\/figure>\n\n\n\n<figure class=\"wp-block-image size-large\"><a href=\"https:\/\/marianzimmerli.ch\/wp-content\/uploads\/2021\/01\/DSC00369-2-scaled.jpg\"><img decoding=\"async\" loading=\"lazy\" width=\"1024\" height=\"1024\" data-id=\"607\"  src=\"https:\/\/marianzimmerli.ch\/wp-content\/uploads\/2021\/01\/DSC00369-2-1024x1024.jpg\" alt=\"\" class=\"wp-image-607\" srcset=\"https:\/\/marianzimmerli.ch\/wp-content\/uploads\/2021\/01\/DSC00369-2-1024x1024.jpg 1024w, https:\/\/marianzimmerli.ch\/wp-content\/uploads\/2021\/01\/DSC00369-2-300x300.jpg 300w, https:\/\/marianzimmerli.ch\/wp-content\/uploads\/2021\/01\/DSC00369-2-150x150.jpg 150w, https:\/\/marianzimmerli.ch\/wp-content\/uploads\/2021\/01\/DSC00369-2-768x768.jpg 768w, https:\/\/marianzimmerli.ch\/wp-content\/uploads\/2021\/01\/DSC00369-2-1536x1536.jpg 1536w, https:\/\/marianzimmerli.ch\/wp-content\/uploads\/2021\/01\/DSC00369-2-2048x2048.jpg 2048w, https:\/\/marianzimmerli.ch\/wp-content\/uploads\/2021\/01\/DSC00369-2-1600x1600.jpg 1600w\" sizes=\"(max-width: 1024px) 100vw, 1024px\" \/><\/a><\/figure>\n\n\n\n<figure class=\"wp-block-image size-large\"><a href=\"https:\/\/marianzimmerli.ch\/wp-content\/uploads\/2021\/01\/DSC00367-2-scaled.jpg\"><img decoding=\"async\" loading=\"lazy\" width=\"1024\" height=\"1024\" data-id=\"606\"  src=\"https:\/\/marianzimmerli.ch\/wp-content\/uploads\/2021\/01\/DSC00367-2-1024x1024.jpg\" alt=\"\" class=\"wp-image-606\" srcset=\"https:\/\/marianzimmerli.ch\/wp-content\/uploads\/2021\/01\/DSC00367-2-1024x1024.jpg 1024w, https:\/\/marianzimmerli.ch\/wp-content\/uploads\/2021\/01\/DSC00367-2-300x300.jpg 300w, https:\/\/marianzimmerli.ch\/wp-content\/uploads\/2021\/01\/DSC00367-2-150x150.jpg 150w, https:\/\/marianzimmerli.ch\/wp-content\/uploads\/2021\/01\/DSC00367-2-768x768.jpg 768w, https:\/\/marianzimmerli.ch\/wp-content\/uploads\/2021\/01\/DSC00367-2-1536x1536.jpg 1536w, https:\/\/marianzimmerli.ch\/wp-content\/uploads\/2021\/01\/DSC00367-2-2048x2048.jpg 2048w, https:\/\/marianzimmerli.ch\/wp-content\/uploads\/2021\/01\/DSC00367-2-1600x1600.jpg 1600w\" sizes=\"(max-width: 1024px) 100vw, 1024px\" \/><\/a><\/figure>\n\n\n\n<figure class=\"wp-block-image size-large\"><a href=\"https:\/\/marianzimmerli.ch\/wp-content\/uploads\/2021\/01\/DSC00364-2-scaled.jpg\"><img decoding=\"async\" loading=\"lazy\" width=\"1024\" height=\"1024\" data-id=\"605\"  src=\"https:\/\/marianzimmerli.ch\/wp-content\/uploads\/2021\/01\/DSC00364-2-1024x1024.jpg\" alt=\"\" class=\"wp-image-605\" srcset=\"https:\/\/marianzimmerli.ch\/wp-content\/uploads\/2021\/01\/DSC00364-2-1024x1024.jpg 1024w, https:\/\/marianzimmerli.ch\/wp-content\/uploads\/2021\/01\/DSC00364-2-300x300.jpg 300w, https:\/\/marianzimmerli.ch\/wp-content\/uploads\/2021\/01\/DSC00364-2-150x150.jpg 150w, https:\/\/marianzimmerli.ch\/wp-content\/uploads\/2021\/01\/DSC00364-2-768x768.jpg 768w, https:\/\/marianzimmerli.ch\/wp-content\/uploads\/2021\/01\/DSC00364-2-1536x1536.jpg 1536w, https:\/\/marianzimmerli.ch\/wp-content\/uploads\/2021\/01\/DSC00364-2-2048x2048.jpg 2048w, https:\/\/marianzimmerli.ch\/wp-content\/uploads\/2021\/01\/DSC00364-2-1600x1600.jpg 1600w\" sizes=\"(max-width: 1024px) 100vw, 1024px\" \/><\/a><\/figure>\n<\/figure>\n","protected":false},"excerpt":{"rendered":"<p>inspiriert werden meine werke durch reisen und ausgedehnte spazierg\u00e4nge, oft bilden fundst\u00fccke wie verrottetes holz aus den cevennen, rostiges metall&hellip;<\/p>\n","protected":false},"author":1,"featured_media":0,"parent":0,"menu_order":0,"comment_status":"closed","ping_status":"closed","template":"","meta":[],"_links":{"self":[{"href":"https:\/\/marianzimmerli.ch\/index.php?rest_route=\/wp\/v2\/pages\/110"}],"collection":[{"href":"https:\/\/marianzimmerli.ch\/index.php?rest_route=\/wp\/v2\/pages"}],"about":[{"href":"https:\/\/marianzimmerli.ch\/index.php?rest_route=\/wp\/v2\/types\/page"}],"author":[{"embeddable":true,"href":"https:\/\/marianzimmerli.ch\/index.php?rest_route=\/wp\/v2\/users\/1"}],"replies":[{"embeddable":true,"href":"https:\/\/marianzimmerli.ch\/index.php?rest_route=%2Fwp%2Fv2%2Fcomments&post=110"}],"version-history":[{"count":11,"href":"https:\/\/marianzimmerli.ch\/index.php?rest_route=\/wp\/v2\/pages\/110\/revisions"}],"predecessor-version":[{"id":669,"href":"https:\/\/marianzimmerli.ch\/index.php?rest_route=\/wp\/v2\/pages\/110\/revisions\/669"}],"wp:attachment":[{"href":"https:\/\/marianzimmerli.ch\/index.php?rest_route=%2Fwp%2Fv2%2Fmedia&parent=110"}],"curies":[{"name":"wp","href":"https:\/\/api.w.org\/{rel}","templated":true}]}}